{"id":937,"date":"2022-05-03T20:45:25","date_gmt":"2022-05-04T01:45:25","guid":{"rendered":"https:\/\/generation-e.ca\/?page_id=937"},"modified":"2023-07-05T13:06:50","modified_gmt":"2023-07-05T18:06:50","slug":"a-propos","status":"publish","type":"page","link":"https:\/\/generation-e.ca\/fr\/a-propos\/","title":{"rendered":"\u00c0 propos"},"content":{"rendered":"<div class=\"fusion-fullwidth fullwidth-box fusion-builder-row-1 fusion-flex-container nonhundred-percent-fullwidth non-hundred-percent-height-scrolling\" style=\"--awb-border-radius-top-left:0px;--awb-border-radius-top-right:0px;--awb-border-radius-bottom-right:0px;--awb-border-radius-bottom-left:0px;--awb-flex-wrap:wrap;\" ><div class=\"fusion-builder-row fusion-row fusion-flex-align-items-flex-start fusion-flex-content-wrap\" style=\"max-width:1248px;margin-left: calc(-4% \/ 2 );margin-right: calc(-4% \/ 2 );\"><div class=\"fusion-layout-column fusion_builder_column fusion-builder-column-0 fusion_builder_column_1_1 1_1 fusion-flex-column\" style=\"--awb-bg-size:cover;--awb-width-large:100%;--awb-margin-top-large:0px;--awb-spacing-right-large:1.92%;--awb-margin-bottom-large:20px;--awb-spacing-left-large:1.92%;--awb-width-medium:100%;--awb-order-medium:0;--awb-spacing-right-medium:1.92%;--awb-spacing-left-medium:1.92%;--awb-width-small:100%;--awb-order-small:0;--awb-spacing-right-small:1.92%;--awb-spacing-left-small:1.92%;\"><div class=\"fusion-column-wrapper fusion-column-has-shadow fusion-flex-justify-content-flex-start fusion-content-layout-column\"><div class=\"fusion-title title fusion-title-1 fusion-sep-none fusion-title-text fusion-title-size-three\" style=\"--awb-margin-top-small:10px;--awb-margin-right-small:0px;--awb-margin-bottom-small:10px;--awb-margin-left-small:0px;--awb-font-size:30px;\"><h3 class=\"fusion-title-heading title-heading-left fusion-responsive-typography-calculated\" style=\"margin:0;text-transform:uppercase;font-size:1em;--fontSize:30;line-height:var(--awb-typography1-line-height);\">CETTE G\u00c9N\u00c9RATION SE SOUCIE D\u2019\u00c9CONOMISER L\u2019\u00c9NERGIE.<\/h3><\/div><div class=\"fusion-text fusion-text-1\"><p>La plupart des \u00e9ducateurs ne sont pas surpris d\u2019apprendre que les \u00e9l\u00e8ves d\u2019aujourd\u2019hui sont plus soucieux de l\u2019environnement que toute autre g\u00e9n\u00e9ration avant eux. Apr\u00e8s tout, vous le voyez tous les jours dans la classe! Ils savent que, collectivement, leurs actions individuelles peuvent avoir un impact majeur.<\/p>\n<p>La prochaine g\u00e9n\u00e9ration va transformer notre fa\u00e7on d\u2019envisager l\u2019\u00e9nergie et la durabilit\u00e9. C\u2019est pourquoi nous avons lanc\u00e9 une nouvelle initiative pour les enseignants et leurs \u00e9l\u00e8ves : G\u00e9n\u00e9ration E. Nous proposons aux enseignants des ressources et des activit\u00e9s pratiques qu\u2019ils pourront utiliser dans leur classe pour aider leurs \u00e9l\u00e8ves \u00e0 comprendre leur consommation d\u2019\u00e9nergie et leur donner les moyens de faire des \u00e9conomies d\u2019\u00e9nergie \u00e0 la maison.<\/p>\n<\/div><\/div><\/div><div class=\"fusion-layout-column fusion_builder_column fusion-builder-column-1 fusion_builder_column_1_1 1_1 fusion-flex-column\" style=\"--awb-bg-size:cover;--awb-width-large:100%;--awb-margin-top-large:0px;--awb-spacing-right-large:1.92%;--awb-margin-bottom-large:20px;--awb-spacing-left-large:1.92%;--awb-width-medium:100%;--awb-order-medium:0;--awb-spacing-right-medium:1.92%;--awb-spacing-left-medium:1.92%;--awb-width-small:100%;--awb-order-small:0;--awb-spacing-right-small:1.92%;--awb-spacing-left-small:1.92%;\"><div class=\"fusion-column-wrapper fusion-column-has-shadow fusion-flex-justify-content-flex-start fusion-content-layout-column\"><div class=\"fusion-title title fusion-title-2 fusion-sep-none fusion-title-text fusion-title-size-three\" style=\"--awb-margin-top-small:10px;--awb-margin-right-small:0px;--awb-margin-bottom-small:10px;--awb-margin-left-small:0px;--awb-font-size:30px;\"><h3 class=\"fusion-title-heading title-heading-left fusion-responsive-typography-calculated\" style=\"margin:0;text-transform:uppercase;font-size:1em;--fontSize:30;line-height:var(--awb-typography1-line-height);\">CON\u00c7UES POUR LES \u00c9L\u00c8VES ET LES ENSEIGNANTS<\/h3><\/div><div class=\"fusion-text fusion-text-2\"><p>Nous travaillons \u00e0 l\u2019\u00e9laboration de cette initiative pour les classes du Manitoba. Voici ce que vous pouvez vous attendre \u00e0 trouver sur le site Web G\u00e9n\u00e9ration E :<\/p>\n<ul>\n<li><strong>De la maternelle \u00e0 la 5<sup>e<\/sup> ann\u00e9e :<\/strong> des fiches d\u2019apprentissage et des jeux pour expliquer ce qu\u2019est l\u2019\u00e9nergie et pourquoi il est important d\u2019en consommer moins.<\/li>\n<li><strong>6<sup>e<\/sup> ann\u00e9e :<\/strong> activit\u00e9s individuelles et de groupe pour initier les \u00e9l\u00e8ves au concept d\u2019efficacit\u00e9 \u00e9nerg\u00e9tique et cerner des moyens d\u2019\u00e9conomiser l\u2019\u00e9nergie.<\/li>\n<li><strong>9<sup>e<\/sup> ann\u00e9e :<\/strong> renseignements, activit\u00e9s de groupe et travaux autodirig\u00e9s pour aider les \u00e9l\u00e8ves \u00e0 mieux comprendre leur consommation d\u2019\u00e9nergie et \u00e0 cr\u00e9er des espaces plus \u00e9co\u00e9nerg\u00e9tiques.<\/li>\n<li><strong>Enseignants :<\/strong> ressources, devoirs, fiches d\u2019activit\u00e9 et plans de le\u00e7on faciles num\u00e9riques et \u00e0 imprimer pour introduire l\u2019efficacit\u00e9 \u00e9nerg\u00e9tique dans la classe.<\/li>\n<\/ul>\n<p>Au fil du temps, nous \u00e9largirons l\u2019initiative G\u00e9n\u00e9ration E pour offrir davantage de ressources \u00e9ducatives \u00e0 d\u2019autres groupes d\u2019\u00e2ge.<\/p>\n<\/div><\/div><\/div><\/div><\/div>\n","protected":false},"excerpt":{"rendered":"","protected":false},"author":5,"featured_media":0,"parent":0,"menu_order":0,"comment_status":"closed","ping_status":"closed","template":"","meta":{"footnotes":""},"class_list":["post-937","page","type-page","status-publish","hentry"],"yoast_head":"<!-- This site is optimized with the Yoast SEO plugin v27.3 - https:\/\/yoast.com\/product\/yoast-seo-wordpress\/ -->\n<title>\u00c0 propos - Generation E<\/title>\n<meta name=\"robots\" content=\"index, follow, max-snippet:-1, max-image-preview:large, max-video-preview:-1\" \/>\n<link rel=\"canonical\" href=\"https:\/\/generation-e.ca\/fr\/a-propos\/\" \/>\n<meta property=\"og:locale\" content=\"fr_FR\" \/>\n<meta property=\"og:type\" content=\"article\" \/>\n<meta property=\"og:title\" content=\"\u00c0 propos - Generation E\" \/>\n<meta property=\"og:url\" content=\"https:\/\/generation-e.ca\/fr\/a-propos\/\" \/>\n<meta property=\"og:site_name\" content=\"Generation E\" \/>\n<meta property=\"article:modified_time\" content=\"2023-07-05T18:06:50+00:00\" \/>\n<meta name=\"twitter:card\" content=\"summary_large_image\" \/>\n<meta name=\"twitter:label1\" content=\"Dur\u00e9e de lecture estim\u00e9e\" \/>\n\t<meta name=\"twitter:data1\" content=\"3 minutes\" \/>\n<script type=\"application\/ld+json\" class=\"yoast-schema-graph\">{\"@context\":\"https:\\\/\\\/schema.org\",\"@graph\":[{\"@type\":\"WebPage\",\"@id\":\"https:\\\/\\\/generation-e.ca\\\/fr\\\/a-propos\\\/\",\"url\":\"https:\\\/\\\/generation-e.ca\\\/fr\\\/a-propos\\\/\",\"name\":\"\u00c0 propos - Generation E\",\"isPartOf\":{\"@id\":\"https:\\\/\\\/generation-e.ca\\\/fr\\\/#website\"},\"datePublished\":\"2022-05-04T01:45:25+00:00\",\"dateModified\":\"2023-07-05T18:06:50+00:00\",\"inLanguage\":\"fr-FR\",\"potentialAction\":[{\"@type\":\"ReadAction\",\"target\":[\"https:\\\/\\\/generation-e.ca\\\/fr\\\/a-propos\\\/\"]}]},{\"@type\":\"WebSite\",\"@id\":\"https:\\\/\\\/generation-e.ca\\\/fr\\\/#website\",\"url\":\"https:\\\/\\\/generation-e.ca\\\/fr\\\/\",\"name\":\"Generation E\",\"description\":\"Efficiency Manitoba\",\"potentialAction\":[{\"@type\":\"SearchAction\",\"target\":{\"@type\":\"EntryPoint\",\"urlTemplate\":\"https:\\\/\\\/generation-e.ca\\\/fr\\\/?s={search_term_string}\"},\"query-input\":{\"@type\":\"PropertyValueSpecification\",\"valueRequired\":true,\"valueName\":\"search_term_string\"}}],\"inLanguage\":\"fr-FR\"}]}<\/script>\n<!-- \/ Yoast SEO plugin. -->","yoast_head_json":{"title":"\u00c0 propos - Generation E","robots":{"index":"index","follow":"follow","max-snippet":"max-snippet:-1","max-image-preview":"max-image-preview:large","max-video-preview":"max-video-preview:-1"},"canonical":"https:\/\/generation-e.ca\/fr\/a-propos\/","og_locale":"fr_FR","og_type":"article","og_title":"\u00c0 propos - Generation E","og_url":"https:\/\/generation-e.ca\/fr\/a-propos\/","og_site_name":"Generation E","article_modified_time":"2023-07-05T18:06:50+00:00","twitter_card":"summary_large_image","twitter_misc":{"Dur\u00e9e de lecture estim\u00e9e":"3 minutes"},"schema":{"@context":"https:\/\/schema.org","@graph":[{"@type":"WebPage","@id":"https:\/\/generation-e.ca\/fr\/a-propos\/","url":"https:\/\/generation-e.ca\/fr\/a-propos\/","name":"\u00c0 propos - Generation E","isPartOf":{"@id":"https:\/\/generation-e.ca\/fr\/#website"},"datePublished":"2022-05-04T01:45:25+00:00","dateModified":"2023-07-05T18:06:50+00:00","inLanguage":"fr-FR","potentialAction":[{"@type":"ReadAction","target":["https:\/\/generation-e.ca\/fr\/a-propos\/"]}]},{"@type":"WebSite","@id":"https:\/\/generation-e.ca\/fr\/#website","url":"https:\/\/generation-e.ca\/fr\/","name":"Generation E","description":"Efficiency Manitoba","potentialAction":[{"@type":"SearchAction","target":{"@type":"EntryPoint","urlTemplate":"https:\/\/generation-e.ca\/fr\/?s={search_term_string}"},"query-input":{"@type":"PropertyValueSpecification","valueRequired":true,"valueName":"search_term_string"}}],"inLanguage":"fr-FR"}]}},"_links":{"self":[{"href":"https:\/\/generation-e.ca\/fr\/wp-json\/wp\/v2\/pages\/937","targetHints":{"allow":["GET"]}}],"collection":[{"href":"https:\/\/generation-e.ca\/fr\/wp-json\/wp\/v2\/pages"}],"about":[{"href":"https:\/\/generation-e.ca\/fr\/wp-json\/wp\/v2\/types\/page"}],"author":[{"embeddable":true,"href":"https:\/\/generation-e.ca\/fr\/wp-json\/wp\/v2\/users\/5"}],"replies":[{"embeddable":true,"href":"https:\/\/generation-e.ca\/fr\/wp-json\/wp\/v2\/comments?post=937"}],"version-history":[{"count":9,"href":"https:\/\/generation-e.ca\/fr\/wp-json\/wp\/v2\/pages\/937\/revisions"}],"predecessor-version":[{"id":1491,"href":"https:\/\/generation-e.ca\/fr\/wp-json\/wp\/v2\/pages\/937\/revisions\/1491"}],"wp:attachment":[{"href":"https:\/\/generation-e.ca\/fr\/wp-json\/wp\/v2\/media?parent=937"}],"curies":[{"name":"wp","href":"https:\/\/api.w.org\/{rel}","templated":true}]}}