{"id":1868,"date":"2024-10-24T09:22:24","date_gmt":"2024-10-24T14:22:24","guid":{"rendered":"https:\/\/generation-e.ca\/newsletter-giveaway\/"},"modified":"2024-10-24T16:29:17","modified_gmt":"2024-10-24T21:29:17","slug":"newsletter-giveaway","status":"publish","type":"page","link":"https:\/\/generation-e.ca\/fr\/newsletter-giveaway\/","title":{"rendered":"Newsletter subscription giveaway"},"content":{"rendered":"<div class=\"fusion-fullwidth fullwidth-box fusion-builder-row-1 fusion-flex-container has-pattern-background has-mask-background nonhundred-percent-fullwidth non-hundred-percent-height-scrolling\" style=\"--awb-border-radius-top-left:0px;--awb-border-radius-top-right:0px;--awb-border-radius-bottom-right:0px;--awb-border-radius-bottom-left:0px;--awb-flex-wrap:wrap;\" ><div class=\"fusion-builder-row fusion-row fusion-flex-align-items-flex-start fusion-flex-content-wrap\" style=\"max-width:1248px;margin-left: calc(-4% \/ 2 );margin-right: calc(-4% \/ 2 );\"><div class=\"fusion-layout-column fusion_builder_column fusion-builder-column-0 fusion_builder_column_1_1 1_1 fusion-flex-column\" style=\"--awb-bg-size:cover;--awb-width-large:100%;--awb-margin-top-large:0px;--awb-spacing-right-large:1.92%;--awb-margin-bottom-large:20px;--awb-spacing-left-large:1.92%;--awb-width-medium:100%;--awb-order-medium:0;--awb-spacing-right-medium:1.92%;--awb-spacing-left-medium:1.92%;--awb-width-small:100%;--awb-order-small:0;--awb-spacing-right-small:1.92%;--awb-spacing-left-small:1.92%;\"><div class=\"fusion-column-wrapper fusion-column-has-shadow fusion-flex-justify-content-flex-start fusion-content-layout-column\"><div class=\"fusion-text fusion-text-1\"><p>Inscrivez-vous \u00e0 notre infolettre et courez la chance de gagner une carte-cadeau de Robinson d&rsquo;une valeur de 50 $. Faites-vous plaisir ou ajoutez \u00e0 la biblioth\u00e8que de votre classe\u00a0!<\/p>\n<p>Nous partagerons des conseils sur la fa\u00e7on dont vous pouvez utiliser nos ressources gratuites sur l&rsquo;efficacit\u00e9 \u00e9nerg\u00e9tique dans votre classe. Ne vous inqui\u00e9tez pas, nous ne remplirons pas votre bo\u00eete de r\u00e9ception.<\/p>\n<p>N&rsquo;oubliez pas de lire <a href=\"https:\/\/generation-e.ca\/wp-content\/uploads\/2024\/10\/GENERATION-E-newsletter-signup-giveaway-rules-2024_FR.pdf\">les r\u00e8glements et des conditions de participation<\/a> au complet avant de vous inscrire.<\/p>\n<\/div><form action=\"https:\/\/app.cyberimpact.com\/optin\" method=\"post\" accept-charset=\"utf-8\" class=\"enewsletter-form\">\n    <fieldset>\n        <legend><\/legend>\n                            <div>\n                <label for=\"ci_firstname\">Pr\u00e9nom :<\/label>\n                <input type=\"text\" id=\"ci_firstname\" name=\"ci_firstname\" maxlength=\"255\" \/>\n            <\/div>\n                            <div>\n                <label for=\"ci_lastname\">Nom de famille :<\/label>\n                <input type=\"text\" id=\"ci_lastname\" name=\"ci_lastname\" maxlength=\"255\" \/>\n            <\/div>\n                            <div>\n                <label for=\"ci_company\">\u00c9cole :<\/label>\n                <input type=\"text\" id=\"ci_company\" name=\"ci_company\" maxlength=\"255\" \/>\n            <\/div>\n                                                    <div>\n                <label for=\"ci_note\">Ann\u00e9es scolaires :<\/label>\n                <input type=\"text\" id=\"ci_note\" name=\"ci_note\"\/>\n            <\/div>\n        \n        \n        <div>\n            <label for=\"ci_email\">Adresse \u00e9lectronique :<\/label>\n            <input type=\"text\" id=\"ci_email\" name=\"ci_email\" maxlength=\"255\"\/>\n        <\/div>\n        <div style=\"display:block; visibility:hidden; height:1px;\">\n            <input type=\"hidden\" id=\"ci_groups\" name=\"ci_groups\" value=\"2\"\/>\n            <input type=\"hidden\" id=\"ci_account\" name=\"ci_account\" value=\"19ad8afd-a290-4100-4532-fbea930bea72\"\/>\n            <input type=\"hidden\" id=\"ci_language\" name=\"ci_language\" value=\"en_ca\"\/>\n            <input type=\"hidden\" id=\"ci_sent_url\" name=\"ci_sent_url\" value=\"https:\/\/generation-e.ca\/fr\/newsletter-giveaway\/thank-you\/\"\/>\n            <input type=\"hidden\" id=\"ci_error_url\" name=\"ci_error_url\" value=\"https:\/\/generation-e.ca\/fr\/newsletter-giveaway\/subscription-error\/\" \/>\n            <input type=\"hidden\" id=\"ci_confirm_url\" name=\"ci_confirm_url\" value=\"https:\/\/generation-e.ca\/fr\/newsletter-giveaway\/subscription-confirmed\/\" \/>\n        <\/div>\n        <input type=\"submit\" value=\"Soumettre\" class=\"button\" \/>\n \n        <div style=\"color:#aaa; font-size:10px;\"><a style=\"color:#aaa; font-size:10px;text-decoration:none;\" href=\"https:\/\/www.cyberimpact.com\">Marketing par courriel<\/a> <a style=\"color:#aaa; font-size:10px;text-decoration:none;\" href=\"https:\/\/www.cyberimpact.com\">Cyberimpact<\/a><\/div>\n    <\/fieldset>\n<\/form><\/div><\/div><\/div><\/div>\n","protected":false},"excerpt":{"rendered":"","protected":false},"author":10,"featured_media":0,"parent":0,"menu_order":0,"comment_status":"closed","ping_status":"closed","template":"","meta":{"footnotes":""},"class_list":["post-1868","page","type-page","status-publish","hentry"],"yoast_head":"<!-- This site is optimized with the Yoast SEO plugin v27.3 - https:\/\/yoast.com\/product\/yoast-seo-wordpress\/ -->\n<title>Newsletter subscription giveaway - Generation E<\/title>\n<meta name=\"description\" content=\"Subscribe to our newsletter for a chance to win a $50 McNally Robinson gift card!\" \/>\n<meta name=\"robots\" content=\"index, follow, max-snippet:-1, max-image-preview:large, max-video-preview:-1\" \/>\n<link rel=\"canonical\" href=\"https:\/\/generation-e.ca\/fr\/newsletter-giveaway\/\" \/>\n<meta property=\"og:locale\" content=\"fr_FR\" \/>\n<meta property=\"og:type\" content=\"article\" \/>\n<meta property=\"og:title\" content=\"Newsletter subscription giveaway - Generation E\" \/>\n<meta property=\"og:description\" content=\"Subscribe to our newsletter for a chance to win a $50 McNally Robinson gift card!\" \/>\n<meta property=\"og:url\" content=\"https:\/\/generation-e.ca\/fr\/newsletter-giveaway\/\" \/>\n<meta property=\"og:site_name\" content=\"Generation E\" \/>\n<meta property=\"article:modified_time\" content=\"2024-10-24T21:29:17+00:00\" \/>\n<meta name=\"twitter:card\" content=\"summary_large_image\" \/>\n<meta name=\"twitter:label1\" content=\"Dur\u00e9e de lecture estim\u00e9e\" \/>\n\t<meta name=\"twitter:data1\" content=\"1 minute\" \/>\n<script type=\"application\/ld+json\" class=\"yoast-schema-graph\">{\"@context\":\"https:\\\/\\\/schema.org\",\"@graph\":[{\"@type\":\"WebPage\",\"@id\":\"https:\\\/\\\/generation-e.ca\\\/fr\\\/newsletter-giveaway\\\/\",\"url\":\"https:\\\/\\\/generation-e.ca\\\/fr\\\/newsletter-giveaway\\\/\",\"name\":\"Newsletter subscription giveaway - Generation E\",\"isPartOf\":{\"@id\":\"https:\\\/\\\/generation-e.ca\\\/fr\\\/#website\"},\"datePublished\":\"2024-10-24T14:22:24+00:00\",\"dateModified\":\"2024-10-24T21:29:17+00:00\",\"description\":\"Subscribe to our newsletter for a chance to win a $50 McNally Robinson gift card!\",\"inLanguage\":\"fr-FR\",\"potentialAction\":[{\"@type\":\"ReadAction\",\"target\":[\"https:\\\/\\\/generation-e.ca\\\/fr\\\/newsletter-giveaway\\\/\"]}]},{\"@type\":\"WebSite\",\"@id\":\"https:\\\/\\\/generation-e.ca\\\/fr\\\/#website\",\"url\":\"https:\\\/\\\/generation-e.ca\\\/fr\\\/\",\"name\":\"Generation E\",\"description\":\"Efficiency Manitoba\",\"potentialAction\":[{\"@type\":\"SearchAction\",\"target\":{\"@type\":\"EntryPoint\",\"urlTemplate\":\"https:\\\/\\\/generation-e.ca\\\/fr\\\/?s={search_term_string}\"},\"query-input\":{\"@type\":\"PropertyValueSpecification\",\"valueRequired\":true,\"valueName\":\"search_term_string\"}}],\"inLanguage\":\"fr-FR\"}]}<\/script>\n<!-- \/ Yoast SEO plugin. -->","yoast_head_json":{"title":"Newsletter subscription giveaway - Generation E","description":"Subscribe to our newsletter for a chance to win a $50 McNally Robinson gift card!","robots":{"index":"index","follow":"follow","max-snippet":"max-snippet:-1","max-image-preview":"max-image-preview:large","max-video-preview":"max-video-preview:-1"},"canonical":"https:\/\/generation-e.ca\/fr\/newsletter-giveaway\/","og_locale":"fr_FR","og_type":"article","og_title":"Newsletter subscription giveaway - Generation E","og_description":"Subscribe to our newsletter for a chance to win a $50 McNally Robinson gift card!","og_url":"https:\/\/generation-e.ca\/fr\/newsletter-giveaway\/","og_site_name":"Generation E","article_modified_time":"2024-10-24T21:29:17+00:00","twitter_card":"summary_large_image","twitter_misc":{"Dur\u00e9e de lecture estim\u00e9e":"1 minute"},"schema":{"@context":"https:\/\/schema.org","@graph":[{"@type":"WebPage","@id":"https:\/\/generation-e.ca\/fr\/newsletter-giveaway\/","url":"https:\/\/generation-e.ca\/fr\/newsletter-giveaway\/","name":"Newsletter subscription giveaway - Generation E","isPartOf":{"@id":"https:\/\/generation-e.ca\/fr\/#website"},"datePublished":"2024-10-24T14:22:24+00:00","dateModified":"2024-10-24T21:29:17+00:00","description":"Subscribe to our newsletter for a chance to win a $50 McNally Robinson gift card!","inLanguage":"fr-FR","potentialAction":[{"@type":"ReadAction","target":["https:\/\/generation-e.ca\/fr\/newsletter-giveaway\/"]}]},{"@type":"WebSite","@id":"https:\/\/generation-e.ca\/fr\/#website","url":"https:\/\/generation-e.ca\/fr\/","name":"Generation E","description":"Efficiency Manitoba","potentialAction":[{"@type":"SearchAction","target":{"@type":"EntryPoint","urlTemplate":"https:\/\/generation-e.ca\/fr\/?s={search_term_string}"},"query-input":{"@type":"PropertyValueSpecification","valueRequired":true,"valueName":"search_term_string"}}],"inLanguage":"fr-FR"}]}},"_links":{"self":[{"href":"https:\/\/generation-e.ca\/fr\/wp-json\/wp\/v2\/pages\/1868","targetHints":{"allow":["GET"]}}],"collection":[{"href":"https:\/\/generation-e.ca\/fr\/wp-json\/wp\/v2\/pages"}],"about":[{"href":"https:\/\/generation-e.ca\/fr\/wp-json\/wp\/v2\/types\/page"}],"author":[{"embeddable":true,"href":"https:\/\/generation-e.ca\/fr\/wp-json\/wp\/v2\/users\/10"}],"replies":[{"embeddable":true,"href":"https:\/\/generation-e.ca\/fr\/wp-json\/wp\/v2\/comments?post=1868"}],"version-history":[{"count":9,"href":"https:\/\/generation-e.ca\/fr\/wp-json\/wp\/v2\/pages\/1868\/revisions"}],"predecessor-version":[{"id":1897,"href":"https:\/\/generation-e.ca\/fr\/wp-json\/wp\/v2\/pages\/1868\/revisions\/1897"}],"wp:attachment":[{"href":"https:\/\/generation-e.ca\/fr\/wp-json\/wp\/v2\/media?parent=1868"}],"curies":[{"name":"wp","href":"https:\/\/api.w.org\/{rel}","templated":true}]}}