{"id":1693,"date":"2023-08-18T15:37:50","date_gmt":"2023-08-18T20:37:50","guid":{"rendered":"https:\/\/generation-e.ca\/subscribe-to-our-newsletter\/"},"modified":"2025-10-03T12:12:05","modified_gmt":"2025-10-03T17:12:05","slug":"abonnez-vous-a-notre-infolettre","status":"publish","type":"page","link":"https:\/\/generation-e.ca\/fr\/abonnez-vous-a-notre-infolettre\/","title":{"rendered":"Abonnez-vous \u00e0 notre infolettre"},"content":{"rendered":"<div class=\"fusion-fullwidth fullwidth-box fusion-builder-row-1 fusion-flex-container has-pattern-background has-mask-background nonhundred-percent-fullwidth non-hundred-percent-height-scrolling\" style=\"--awb-border-radius-top-left:0px;--awb-border-radius-top-right:0px;--awb-border-radius-bottom-right:0px;--awb-border-radius-bottom-left:0px;--awb-flex-wrap:wrap;\" ><div class=\"fusion-builder-row fusion-row fusion-flex-align-items-flex-start fusion-flex-content-wrap\" style=\"max-width:1248px;margin-left: calc(-4% \/ 2 );margin-right: calc(-4% \/ 2 );\"><div class=\"fusion-layout-column fusion_builder_column fusion-builder-column-0 fusion_builder_column_1_1 1_1 fusion-flex-column\" style=\"--awb-bg-size:cover;--awb-width-large:100%;--awb-margin-top-large:0px;--awb-spacing-right-large:1.92%;--awb-margin-bottom-large:20px;--awb-spacing-left-large:1.92%;--awb-width-medium:100%;--awb-order-medium:0;--awb-spacing-right-medium:1.92%;--awb-spacing-left-medium:1.92%;--awb-width-small:100%;--awb-order-small:0;--awb-spacing-right-small:1.92%;--awb-spacing-left-small:1.92%;\"><div class=\"fusion-column-wrapper fusion-column-has-shadow fusion-flex-justify-content-flex-start fusion-content-layout-column\"><div class=\"fusion-text fusion-text-1\"><p style=\"text-align: center;\">Abonnez-vous \u00e0 notre infolettre pour recevoir des mises \u00e0 jour sur les nouveaux outils et conseils de G\u00e9n\u00e9ration\u00a0E pour int\u00e9grer l\u2019efficacit\u00e9 \u00e9nerg\u00e9tique \u00e0 votre salle de classe!<\/p>\n<\/div><div style=\"display: flex; justify-content: center;\"><script type=\"text\/javascript\" src=\"https:\/\/nqhnol-zgph.maillist-manage.net\/js\/optin.min.js\" onload=\"setupSF('sf3zda6bdb3a37ec5b8883cc10502014de2773b705492db7feea8f3da530932bb84d','ZCFORMVIEW',false,'light',false,'0')\"><\/script><script type=\"text\/javascript\">function runOnFormSubmit_sf3zda6bdb3a37ec5b8883cc10502014de2773b705492db7feea8f3da530932bb84d(th){\/*Before submit, if you want to trigger your event, \"include your code here\"*\/};<\/script><div id=\"sf3zda6bdb3a37ec5b8883cc10502014de2773b705492db7feea8f3da530932bb84d\" data-type=\"signupform\" style=\"opacity: 0.859063;\"><div id=\"customForm\"><div name=\"SIGNUP_BODY\" changeitem=\"BG_IMAGE\" style=\"width: 400px; height: 460px; position: relative; font-family: \"Arial\"; background-color: rgb(255, 255, 255); margin: auto; overflow: hidden\"><div changeitem=\"ELEGANTFORM_IMAGE\" style=\"width: 100%; height: 100%; position: absolute; bottom: 0\"><img decoding=\"async\" src=\"https:\/\/stratus.campaign-image.com\/images\/13555c679_gen_e_social_media_graphics.png\" style=\"width: 100%; height: 100%; position: relative; visibility: visible\"><\/div><div style=\"background-color: rgb(255, 235, 232); padding: 10px; color: rgb(210, 0, 0); font-size: 11px; margin: 20px 10px 0px; border: 1px solid rgb(255, 217, 211); opacity: 1; position: absolute; box-shadow: rgb(27, 27, 27) 0px 5px 12px 0px; display: none\" id=\"errorMsgDiv\">Please correct the marked field(s) below.<\/div><div style=\"text-align: center; width: 100%; float: left; position: absolute; z-index: 2; bottom: 40px\"><div style=\"position:relative;\"><div id=\"Zc_SignupSuccess\" style=\"display:none;position:absolute;margin-left:4%;width:90%;background-color: white; padding: 3px; border: 3px solid rgb(194, 225, 154); margin-top: 10px;margin-bottom:10px;word-break:break-all\"><table width=\"100%\" cellpadding=\"0\" cellspacing=\"0\" border=\"0\"><tbody><tr><td width=\"10%\"><img decoding=\"async\" class=\"successicon\" src=\"https:\/\/nqhnol-zgph.maillist-manage.net\/images\/challangeiconenable.jpg\" align=\"absmiddle\"><\/td><td><span id=\"signupSuccessMsg\" style=\"color: rgb(73, 140, 132); font-family: sans-serif; font-size: 14px;word-break:break-word\">\u00a0\u00a0Thank you for Signing Up<\/span><\/td><\/tr><\/tbody><\/table><\/div><\/div><form method=\"POST\" id=\"zcampaignOptinForm\" style=\"margin: 0px; width: 100%; color: rgb(255, 255, 255)\" action=\"https:\/\/nqhnol-zgph.maillist-manage.net\/weboptin.zc\" target=\"_zcSignup\"><div style=\"font-size: 24px; font-family: Verdana; font-weight: normal; color: rgb(255, 255, 255); line-height: 1.556; width: 390px; margin: auto auto 10px; height: 28px\">Faites partie du mouvement !<\/div><div style=\"font-size: 14px; font-family: Verdana; color: rgb(255, 255, 255); line-height: 1.5; text-align: center; display: inline-block; width: 298px; height: 64px\">Recevez des ressources p\u00e9dagogiques, des activit\u00e9s et de l\u2019inspiration directement par courriel.<\/div><div style=\"text-align: center; width: 196px; height: 33px; margin: auto\"><div id=\"Zc_SignupSuccess\" style=\"position: absolute; width: 87%; background-color: white; padding: 3px; border: 3px solid rgb(194, 225, 154); margin-bottom: 10px; word-break: break-all; opacity: 1; display: none\"><div style=\"width: 20px; padding: 5px; display: table-cell\"><img decoding=\"async\" class=\"successicon\" src=\"https:\/\/campaigns.zoho.com\/images\/challangeiconenable.jpg\" style=\"width: 20px\"><\/div><div style=\"display: table-cell\"><span id=\"signupSuccessMsg\" style=\"color: rgb(73, 140, 132); font-family: sans-serif; font-size: 14px; line-height: 30px; display: block\"><\/span><\/div><\/div><input placeholder=\"Courriel\" changeitem=\"SIGNUP_FORM_FIELD\" name=\"CONTACT_EMAIL\" id=\"EMBED_FORM_EMAIL_LABEL\" type=\"text\" style=\"border-width: 0 0 1px; border-color: rgb(54, 54, 54); border-style: solid; width: 100%; height: 100%; padding: 0 5px; font-size: 16px; outline: none; background-color: rgb(255, 255, 255); color: rgb(136, 136, 136); outline: none\"><\/div><div style=\"position: relative; width: 113px; height: 30px; margin-top: 15px; display: inline-block\"><input type=\"button\" style=\"text-align: center; border-radius: 6px; background-color: rgb(130, 194, 63); width: 100%; height: 100%; z-index: 5; border: 0px; color: rgb(255, 255, 255); cursor: pointer; outline: none; font-family: Arial; font-size: 14px\" name=\"SIGNUP_SUBMIT_BUTTON\" id=\"zcWebOptin\" value=\"Abonnez-vous\"><\/div><input type=\"hidden\" id=\"fieldBorder\" value=\"\"><input type=\"hidden\" id=\"submitType\" name=\"submitType\" value=\"optinCustomView\"><input type=\"hidden\" id=\"emailReportId\" name=\"emailReportId\" value=\"\"><input type=\"hidden\" id=\"formType\" name=\"formType\" value=\"QuickForm\"><input type=\"hidden\" name=\"zx\" id=\"cmpZuid\" value=\"13555c679\"><input type=\"hidden\" name=\"zcvers\" value=\"3.0\"><input type=\"hidden\" name=\"oldListIds\" id=\"allCheckedListIds\" value=\"\"><input type=\"hidden\" id=\"mode\" name=\"mode\" value=\"OptinCreateView\"><input type=\"hidden\" id=\"zcld\" name=\"zcld\" value=\"114ea408d15437101\"><input type=\"hidden\" id=\"zctd\" name=\"zctd\" value=\"114ea408d1541b7a9\"><input type=\"hidden\" id=\"document_domain\" value=\"\"><input type=\"hidden\" id=\"zc_Url\" value=\"nqhnol-zgph.maillist-manage.net\"><input type=\"hidden\" id=\"new_optin_response_in\" value=\"0\"><input type=\"hidden\" id=\"duplicate_optin_response_in\" value=\"0\"><input type=\"hidden\" name=\"zc_trackCode\" id=\"zc_trackCode\" value=\"ZCFORMVIEW\"><input type=\"hidden\" id=\"zc_formIx\" name=\"zc_formIx\" value=\"3zda6bdb3a37ec5b8883cc10502014de2773b705492db7feea8f3da530932bb84d\"><input type=\"hidden\" id=\"viewFrom\" value=\"URL_ACTION\"><span style=\"display: none\" id=\"dt_CONTACT_EMAIL\">1,true,6,Contact Email,2<\/span><span style=\"display: none\" id=\"dt_FIRSTNAME\">1,false,1,First Name,2<\/span><span style=\"display: none\" id=\"dt_LASTNAME\">1,false,1,Last Name,2<\/span><\/form><\/div><\/div><\/div><img decoding=\"async\" src=\"https:\/\/nqhnol-zgph.maillist-manage.net\/images\/spacer.gif\" id=\"refImage\" onload=\"referenceSetter(this)\" style=\"display:none;\"><\/div><input type=\"hidden\" id=\"signupFormType\" value=\"QuickForm_Vertical\"><div id=\"zcOptinOverLay\" oncontextmenu=\"return false\" style=\"display:none;text-align: center; background-color: rgb(0, 0, 0); opacity: 0.5; z-index: 100; position: fixed; width: 100%; top: 0px; left: 0px; height: 988px;\"><\/div><div id=\"zcOptinSuccessPopup\" style=\"display:none;z-index: 9999;width: 800px; height: 40%;top: 84px;position: fixed; left: 26%;background-color: #FFFFFF;border-color: #E6E6E6; border-style: solid; border-width: 1px; box-shadow: 0 1px 10px #424242;padding: 35px;\"><span style=\"position: absolute;top: -16px;right:-14px;z-index:99999;cursor: pointer;\" id=\"closeSuccess\"><img decoding=\"async\" src=\"https:\/\/nqhnol-zgph.maillist-manage.net\/images\/videoclose.png\"><\/span><div id=\"zcOptinSuccessPanel\"><\/div><\/div><\/div><\/div><\/div><\/div><\/div>\n","protected":false},"excerpt":{"rendered":"","protected":false},"author":1,"featured_media":0,"parent":0,"menu_order":0,"comment_status":"closed","ping_status":"closed","template":"","meta":{"footnotes":""},"class_list":["post-1693","page","type-page","status-publish","hentry"],"yoast_head":"<!-- This site is optimized with the Yoast SEO plugin v27.3 - https:\/\/yoast.com\/product\/yoast-seo-wordpress\/ -->\n<title>Abonnez-vous \u00e0 notre infolettre - Generation E<\/title>\n<meta name=\"robots\" content=\"index, follow, max-snippet:-1, max-image-preview:large, max-video-preview:-1\" \/>\n<link rel=\"canonical\" href=\"https:\/\/generation-e.ca\/fr\/abonnez-vous-a-notre-infolettre\/\" \/>\n<meta property=\"og:locale\" content=\"fr_FR\" \/>\n<meta property=\"og:type\" content=\"article\" \/>\n<meta property=\"og:title\" content=\"Abonnez-vous \u00e0 notre infolettre - Generation E\" \/>\n<meta property=\"og:url\" content=\"https:\/\/generation-e.ca\/fr\/abonnez-vous-a-notre-infolettre\/\" \/>\n<meta property=\"og:site_name\" content=\"Generation E\" \/>\n<meta property=\"article:modified_time\" content=\"2025-10-03T17:12:05+00:00\" \/>\n<meta name=\"twitter:card\" content=\"summary_large_image\" \/>\n<meta name=\"twitter:label1\" content=\"Dur\u00e9e de lecture estim\u00e9e\" \/>\n\t<meta name=\"twitter:data1\" content=\"2 minutes\" \/>\n<script type=\"application\/ld+json\" class=\"yoast-schema-graph\">{\"@context\":\"https:\\\/\\\/schema.org\",\"@graph\":[{\"@type\":\"WebPage\",\"@id\":\"https:\\\/\\\/generation-e.ca\\\/fr\\\/abonnez-vous-a-notre-infolettre\\\/\",\"url\":\"https:\\\/\\\/generation-e.ca\\\/fr\\\/abonnez-vous-a-notre-infolettre\\\/\",\"name\":\"Abonnez-vous \u00e0 notre infolettre - Generation E\",\"isPartOf\":{\"@id\":\"https:\\\/\\\/generation-e.ca\\\/fr\\\/#website\"},\"datePublished\":\"2023-08-18T20:37:50+00:00\",\"dateModified\":\"2025-10-03T17:12:05+00:00\",\"inLanguage\":\"fr-FR\",\"potentialAction\":[{\"@type\":\"ReadAction\",\"target\":[\"https:\\\/\\\/generation-e.ca\\\/fr\\\/abonnez-vous-a-notre-infolettre\\\/\"]}]},{\"@type\":\"WebSite\",\"@id\":\"https:\\\/\\\/generation-e.ca\\\/fr\\\/#website\",\"url\":\"https:\\\/\\\/generation-e.ca\\\/fr\\\/\",\"name\":\"Generation E\",\"description\":\"Efficiency Manitoba\",\"potentialAction\":[{\"@type\":\"SearchAction\",\"target\":{\"@type\":\"EntryPoint\",\"urlTemplate\":\"https:\\\/\\\/generation-e.ca\\\/fr\\\/?s={search_term_string}\"},\"query-input\":{\"@type\":\"PropertyValueSpecification\",\"valueRequired\":true,\"valueName\":\"search_term_string\"}}],\"inLanguage\":\"fr-FR\"}]}<\/script>\n<!-- \/ Yoast SEO plugin. -->","yoast_head_json":{"title":"Abonnez-vous \u00e0 notre infolettre - Generation E","robots":{"index":"index","follow":"follow","max-snippet":"max-snippet:-1","max-image-preview":"max-image-preview:large","max-video-preview":"max-video-preview:-1"},"canonical":"https:\/\/generation-e.ca\/fr\/abonnez-vous-a-notre-infolettre\/","og_locale":"fr_FR","og_type":"article","og_title":"Abonnez-vous \u00e0 notre infolettre - Generation E","og_url":"https:\/\/generation-e.ca\/fr\/abonnez-vous-a-notre-infolettre\/","og_site_name":"Generation E","article_modified_time":"2025-10-03T17:12:05+00:00","twitter_card":"summary_large_image","twitter_misc":{"Dur\u00e9e de lecture estim\u00e9e":"2 minutes"},"schema":{"@context":"https:\/\/schema.org","@graph":[{"@type":"WebPage","@id":"https:\/\/generation-e.ca\/fr\/abonnez-vous-a-notre-infolettre\/","url":"https:\/\/generation-e.ca\/fr\/abonnez-vous-a-notre-infolettre\/","name":"Abonnez-vous \u00e0 notre infolettre - Generation E","isPartOf":{"@id":"https:\/\/generation-e.ca\/fr\/#website"},"datePublished":"2023-08-18T20:37:50+00:00","dateModified":"2025-10-03T17:12:05+00:00","inLanguage":"fr-FR","potentialAction":[{"@type":"ReadAction","target":["https:\/\/generation-e.ca\/fr\/abonnez-vous-a-notre-infolettre\/"]}]},{"@type":"WebSite","@id":"https:\/\/generation-e.ca\/fr\/#website","url":"https:\/\/generation-e.ca\/fr\/","name":"Generation E","description":"Efficiency Manitoba","potentialAction":[{"@type":"SearchAction","target":{"@type":"EntryPoint","urlTemplate":"https:\/\/generation-e.ca\/fr\/?s={search_term_string}"},"query-input":{"@type":"PropertyValueSpecification","valueRequired":true,"valueName":"search_term_string"}}],"inLanguage":"fr-FR"}]}},"_links":{"self":[{"href":"https:\/\/generation-e.ca\/fr\/wp-json\/wp\/v2\/pages\/1693","targetHints":{"allow":["GET"]}}],"collection":[{"href":"https:\/\/generation-e.ca\/fr\/wp-json\/wp\/v2\/pages"}],"about":[{"href":"https:\/\/generation-e.ca\/fr\/wp-json\/wp\/v2\/types\/page"}],"author":[{"embeddable":true,"href":"https:\/\/generation-e.ca\/fr\/wp-json\/wp\/v2\/users\/1"}],"replies":[{"embeddable":true,"href":"https:\/\/generation-e.ca\/fr\/wp-json\/wp\/v2\/comments?post=1693"}],"version-history":[{"count":5,"href":"https:\/\/generation-e.ca\/fr\/wp-json\/wp\/v2\/pages\/1693\/revisions"}],"predecessor-version":[{"id":2057,"href":"https:\/\/generation-e.ca\/fr\/wp-json\/wp\/v2\/pages\/1693\/revisions\/2057"}],"wp:attachment":[{"href":"https:\/\/generation-e.ca\/fr\/wp-json\/wp\/v2\/media?parent=1693"}],"curies":[{"name":"wp","href":"https:\/\/api.w.org\/{rel}","templated":true}]}}