{"id":1539,"date":"2023-08-18T15:43:40","date_gmt":"2023-08-18T20:43:40","guid":{"rendered":"https:\/\/generation-e.ca\/thank-you\/"},"modified":"2023-09-19T18:22:55","modified_gmt":"2023-09-19T23:22:55","slug":"thank-you","status":"publish","type":"page","link":"https:\/\/generation-e.ca\/fr\/abonnez-vous-a-notre-infolettre\/thank-you\/","title":{"rendered":"Merci de votre abonnement \u00e0 l\u2019infolettre G\u00e9n\u00e9ration E!"},"content":{"rendered":"<p><div class=\"fusion-fullwidth fullwidth-box fusion-builder-row-1 fusion-flex-container has-pattern-background has-mask-background nonhundred-percent-fullwidth non-hundred-percent-height-scrolling\" style=\"--awb-border-radius-top-left:0px;--awb-border-radius-top-right:0px;--awb-border-radius-bottom-right:0px;--awb-border-radius-bottom-left:0px;--awb-flex-wrap:wrap;\" ><div class=\"fusion-builder-row fusion-row fusion-flex-align-items-flex-start fusion-flex-content-wrap\" style=\"max-width:1248px;margin-left: calc(-4% \/ 2 );margin-right: calc(-4% \/ 2 );\"><div class=\"fusion-layout-column fusion_builder_column fusion-builder-column-0 fusion_builder_column_1_1 1_1 fusion-flex-column\" style=\"--awb-bg-size:cover;--awb-width-large:100%;--awb-margin-top-large:0px;--awb-spacing-right-large:1.92%;--awb-margin-bottom-large:20px;--awb-spacing-left-large:1.92%;--awb-width-medium:100%;--awb-order-medium:0;--awb-spacing-right-medium:1.92%;--awb-spacing-left-medium:1.92%;--awb-width-small:100%;--awb-order-small:0;--awb-spacing-right-small:1.92%;--awb-spacing-left-small:1.92%;\"><div class=\"fusion-column-wrapper fusion-column-has-shadow fusion-flex-justify-content-flex-start fusion-content-layout-column\"><div class=\"fusion-title title fusion-title-1 fusion-sep-none fusion-title-text fusion-title-size-one\" style=\"--awb-margin-top-small:10px;--awb-margin-right-small:0px;--awb-margin-bottom-small:10px;--awb-margin-left-small:0px;--awb-font-size:30px;\"><h1 class=\"fusion-title-heading title-heading-left fusion-responsive-typography-calculated\" style=\"margin:0;font-size:1em;--fontSize:30;line-height:var(--awb-typography1-line-height);\">Merci de votre abonnement \u00e0 l\u2019infolettre G\u00e9n\u00e9ration E!<\/h1><\/div><\/div><\/div><\/div><\/div><div class=\"fusion-fullwidth fullwidth-box fusion-builder-row-2 fusion-flex-container has-pattern-background has-mask-background nonhundred-percent-fullwidth non-hundred-percent-height-scrolling\" style=\"--awb-border-radius-top-left:0px;--awb-border-radius-top-right:0px;--awb-border-radius-bottom-right:0px;--awb-border-radius-bottom-left:0px;--awb-flex-wrap:wrap;\" ><div class=\"fusion-builder-row fusion-row fusion-flex-align-items-flex-start fusion-flex-content-wrap\" style=\"max-width:1248px;margin-left: calc(-4% \/ 2 );margin-right: calc(-4% \/ 2 );\"><div class=\"fusion-layout-column fusion_builder_column fusion-builder-column-1 fusion_builder_column_1_1 1_1 fusion-flex-column\" style=\"--awb-bg-size:cover;--awb-width-large:100%;--awb-margin-top-large:0px;--awb-spacing-right-large:1.92%;--awb-margin-bottom-large:20px;--awb-spacing-left-large:1.92%;--awb-width-medium:100%;--awb-order-medium:0;--awb-spacing-right-medium:1.92%;--awb-spacing-left-medium:1.92%;--awb-width-small:100%;--awb-order-small:0;--awb-spacing-right-small:1.92%;--awb-spacing-left-small:1.92%;\"><div class=\"fusion-column-wrapper fusion-column-has-shadow fusion-flex-justify-content-flex-start fusion-content-layout-column\"><div class=\"fusion-text fusion-text-1\"><p>Une confirmation vous a \u00e9t\u00e9 envoy\u00e9e par courriel. Pour terminer votre abonnement, cliquez simplement sur le bouton \u00ab\u00a0Confirmer mon courriel\u00a0\u00bb dans ce courriel.<\/p>\n<p>Si ce courriel ne se trouve pas dans votre bo\u00eete de r\u00e9ception, v\u00e9rifiez votre dossier de courrier ind\u00e9sirable. Pour recevoir de futurs courriels et b\u00e9n\u00e9ficier de votre abonnement, assurez-vous d\u2019ajouter notre adresse de courriel \u00e0 votre liste d\u2019exp\u00e9diteurs fiables.<\/p>\n<p><a href=\"https:\/\/generation-e.ca\/fr\/\">Allez au site Web de G\u00e9n\u00e9ration E<\/a>.<\/p>\n<\/div><\/div><\/div><\/div><\/div><\/p>\n","protected":false},"excerpt":{"rendered":"","protected":false},"author":1,"featured_media":0,"parent":1693,"menu_order":0,"comment_status":"closed","ping_status":"closed","template":"","meta":{"footnotes":""},"class_list":["post-1539","page","type-page","status-publish","hentry"],"yoast_head":"<!-- This site is optimized with the Yoast SEO plugin v27.3 - https:\/\/yoast.com\/product\/yoast-seo-wordpress\/ -->\n<title>Merci de votre abonnement \u00e0 l\u2019infolettre G\u00e9n\u00e9ration E! - Generation E<\/title>\n<meta name=\"robots\" content=\"index, follow, max-snippet:-1, max-image-preview:large, max-video-preview:-1\" \/>\n<link rel=\"canonical\" href=\"https:\/\/generation-e.ca\/fr\/abonnez-vous-a-notre-infolettre\/thank-you\/\" \/>\n<meta property=\"og:locale\" content=\"fr_FR\" \/>\n<meta property=\"og:type\" content=\"article\" \/>\n<meta property=\"og:title\" content=\"Merci de votre abonnement \u00e0 l\u2019infolettre G\u00e9n\u00e9ration E! - Generation E\" \/>\n<meta property=\"og:url\" content=\"https:\/\/generation-e.ca\/fr\/abonnez-vous-a-notre-infolettre\/thank-you\/\" \/>\n<meta property=\"og:site_name\" content=\"Generation E\" \/>\n<meta property=\"article:modified_time\" content=\"2023-09-19T23:22:55+00:00\" \/>\n<meta name=\"twitter:card\" content=\"summary_large_image\" \/>\n<meta name=\"twitter:label1\" content=\"Dur\u00e9e de lecture estim\u00e9e\" \/>\n\t<meta name=\"twitter:data1\" content=\"4 minutes\" \/>\n<script type=\"application\/ld+json\" class=\"yoast-schema-graph\">{\"@context\":\"https:\\\/\\\/schema.org\",\"@graph\":[{\"@type\":\"WebPage\",\"@id\":\"https:\\\/\\\/generation-e.ca\\\/fr\\\/abonnez-vous-a-notre-infolettre\\\/thank-you\\\/\",\"url\":\"https:\\\/\\\/generation-e.ca\\\/fr\\\/abonnez-vous-a-notre-infolettre\\\/thank-you\\\/\",\"name\":\"Merci de votre abonnement \u00e0 l\u2019infolettre G\u00e9n\u00e9ration E! - Generation E\",\"isPartOf\":{\"@id\":\"https:\\\/\\\/generation-e.ca\\\/fr\\\/#website\"},\"datePublished\":\"2023-08-18T20:43:40+00:00\",\"dateModified\":\"2023-09-19T23:22:55+00:00\",\"breadcrumb\":{\"@id\":\"https:\\\/\\\/generation-e.ca\\\/fr\\\/abonnez-vous-a-notre-infolettre\\\/thank-you\\\/#breadcrumb\"},\"inLanguage\":\"fr-FR\",\"potentialAction\":[{\"@type\":\"ReadAction\",\"target\":[\"https:\\\/\\\/generation-e.ca\\\/fr\\\/abonnez-vous-a-notre-infolettre\\\/thank-you\\\/\"]}]},{\"@type\":\"BreadcrumbList\",\"@id\":\"https:\\\/\\\/generation-e.ca\\\/fr\\\/abonnez-vous-a-notre-infolettre\\\/thank-you\\\/#breadcrumb\",\"itemListElement\":[{\"@type\":\"ListItem\",\"position\":1,\"name\":\"Abonnez-vous \u00e0 notre infolettre\",\"item\":\"https:\\\/\\\/generation-e.ca\\\/fr\\\/abonnez-vous-a-notre-infolettre\\\/\"},{\"@type\":\"ListItem\",\"position\":2,\"name\":\"Merci de votre abonnement \u00e0 l\u2019infolettre G\u00e9n\u00e9ration E!\"}]},{\"@type\":\"WebSite\",\"@id\":\"https:\\\/\\\/generation-e.ca\\\/fr\\\/#website\",\"url\":\"https:\\\/\\\/generation-e.ca\\\/fr\\\/\",\"name\":\"Generation E\",\"description\":\"Efficiency Manitoba\",\"potentialAction\":[{\"@type\":\"SearchAction\",\"target\":{\"@type\":\"EntryPoint\",\"urlTemplate\":\"https:\\\/\\\/generation-e.ca\\\/fr\\\/?s={search_term_string}\"},\"query-input\":{\"@type\":\"PropertyValueSpecification\",\"valueRequired\":true,\"valueName\":\"search_term_string\"}}],\"inLanguage\":\"fr-FR\"}]}<\/script>\n<!-- \/ Yoast SEO plugin. -->","yoast_head_json":{"title":"Merci de votre abonnement \u00e0 l\u2019infolettre G\u00e9n\u00e9ration E! - Generation E","robots":{"index":"index","follow":"follow","max-snippet":"max-snippet:-1","max-image-preview":"max-image-preview:large","max-video-preview":"max-video-preview:-1"},"canonical":"https:\/\/generation-e.ca\/fr\/abonnez-vous-a-notre-infolettre\/thank-you\/","og_locale":"fr_FR","og_type":"article","og_title":"Merci de votre abonnement \u00e0 l\u2019infolettre G\u00e9n\u00e9ration E! - Generation E","og_url":"https:\/\/generation-e.ca\/fr\/abonnez-vous-a-notre-infolettre\/thank-you\/","og_site_name":"Generation E","article_modified_time":"2023-09-19T23:22:55+00:00","twitter_card":"summary_large_image","twitter_misc":{"Dur\u00e9e de lecture estim\u00e9e":"4 minutes"},"schema":{"@context":"https:\/\/schema.org","@graph":[{"@type":"WebPage","@id":"https:\/\/generation-e.ca\/fr\/abonnez-vous-a-notre-infolettre\/thank-you\/","url":"https:\/\/generation-e.ca\/fr\/abonnez-vous-a-notre-infolettre\/thank-you\/","name":"Merci de votre abonnement \u00e0 l\u2019infolettre G\u00e9n\u00e9ration E! - Generation E","isPartOf":{"@id":"https:\/\/generation-e.ca\/fr\/#website"},"datePublished":"2023-08-18T20:43:40+00:00","dateModified":"2023-09-19T23:22:55+00:00","breadcrumb":{"@id":"https:\/\/generation-e.ca\/fr\/abonnez-vous-a-notre-infolettre\/thank-you\/#breadcrumb"},"inLanguage":"fr-FR","potentialAction":[{"@type":"ReadAction","target":["https:\/\/generation-e.ca\/fr\/abonnez-vous-a-notre-infolettre\/thank-you\/"]}]},{"@type":"BreadcrumbList","@id":"https:\/\/generation-e.ca\/fr\/abonnez-vous-a-notre-infolettre\/thank-you\/#breadcrumb","itemListElement":[{"@type":"ListItem","position":1,"name":"Abonnez-vous \u00e0 notre infolettre","item":"https:\/\/generation-e.ca\/fr\/abonnez-vous-a-notre-infolettre\/"},{"@type":"ListItem","position":2,"name":"Merci de votre abonnement \u00e0 l\u2019infolettre G\u00e9n\u00e9ration E!"}]},{"@type":"WebSite","@id":"https:\/\/generation-e.ca\/fr\/#website","url":"https:\/\/generation-e.ca\/fr\/","name":"Generation E","description":"Efficiency Manitoba","potentialAction":[{"@type":"SearchAction","target":{"@type":"EntryPoint","urlTemplate":"https:\/\/generation-e.ca\/fr\/?s={search_term_string}"},"query-input":{"@type":"PropertyValueSpecification","valueRequired":true,"valueName":"search_term_string"}}],"inLanguage":"fr-FR"}]}},"_links":{"self":[{"href":"https:\/\/generation-e.ca\/fr\/wp-json\/wp\/v2\/pages\/1539","targetHints":{"allow":["GET"]}}],"collection":[{"href":"https:\/\/generation-e.ca\/fr\/wp-json\/wp\/v2\/pages"}],"about":[{"href":"https:\/\/generation-e.ca\/fr\/wp-json\/wp\/v2\/types\/page"}],"author":[{"embeddable":true,"href":"https:\/\/generation-e.ca\/fr\/wp-json\/wp\/v2\/users\/1"}],"replies":[{"embeddable":true,"href":"https:\/\/generation-e.ca\/fr\/wp-json\/wp\/v2\/comments?post=1539"}],"version-history":[{"count":3,"href":"https:\/\/generation-e.ca\/fr\/wp-json\/wp\/v2\/pages\/1539\/revisions"}],"predecessor-version":[{"id":1542,"href":"https:\/\/generation-e.ca\/fr\/wp-json\/wp\/v2\/pages\/1539\/revisions\/1542"}],"up":[{"embeddable":true,"href":"https:\/\/generation-e.ca\/fr\/wp-json\/wp\/v2\/pages\/1693"}],"wp:attachment":[{"href":"https:\/\/generation-e.ca\/fr\/wp-json\/wp\/v2\/media?parent=1539"}],"curies":[{"name":"wp","href":"https:\/\/api.w.org\/{rel}","templated":true}]}}