{"id":1469,"date":"2023-06-16T10:54:07","date_gmt":"2023-06-16T15:54:07","guid":{"rendered":"https:\/\/generation-e.ca\/?page_id=1469"},"modified":"2023-11-02T14:46:29","modified_gmt":"2023-11-02T19:46:29","slug":"merci","status":"publish","type":"page","link":"https:\/\/generation-e.ca\/fr\/mon-engagement-envers-la-planete\/merci\/","title":{"rendered":"Merci d\u2019avoir pris un engagement"},"content":{"rendered":"<div class=\"fusion-fullwidth fullwidth-box fusion-builder-row-1 fusion-flex-container has-pattern-background has-mask-background nonhundred-percent-fullwidth non-hundred-percent-height-scrolling\" style=\"--awb-border-radius-top-left:0px;--awb-border-radius-top-right:0px;--awb-border-radius-bottom-right:0px;--awb-border-radius-bottom-left:0px;--awb-flex-wrap:wrap;\" ><div class=\"fusion-builder-row fusion-row fusion-flex-align-items-flex-start fusion-flex-content-wrap\" style=\"max-width:1248px;margin-left: calc(-4% \/ 2 );margin-right: calc(-4% \/ 2 );\"><div class=\"fusion-layout-column fusion_builder_column fusion-builder-column-0 fusion_builder_column_1_1 1_1 fusion-flex-column\" style=\"--awb-bg-size:cover;--awb-width-large:100%;--awb-margin-top-large:0px;--awb-spacing-right-large:1.92%;--awb-margin-bottom-large:20px;--awb-spacing-left-large:1.92%;--awb-width-medium:100%;--awb-order-medium:0;--awb-spacing-right-medium:1.92%;--awb-spacing-left-medium:1.92%;--awb-width-small:100%;--awb-order-small:0;--awb-spacing-right-small:1.92%;--awb-spacing-left-small:1.92%;\"><div class=\"fusion-column-wrapper fusion-column-has-shadow fusion-flex-justify-content-flex-start fusion-content-layout-column\"><div class=\"fusion-title title fusion-title-1 fusion-sep-none fusion-title-text fusion-title-size-four\" style=\"--awb-margin-top-small:10px;--awb-margin-right-small:0px;--awb-margin-bottom-small:10px;--awb-margin-left-small:0px;\"><h4 class=\"fusion-title-heading title-heading-left fusion-responsive-typography-calculated\" style=\"margin:0;--fontSize:24;--minFontSize:24;line-height:var(--awb-typography1-line-height);\">Merci d\u2019avoir pris un engagement<\/h4><\/div><div class=\"fusion-text fusion-text-1\"><p>En prenant cet engagement envers la plan\u00e8te, tu peux avoir la certitude d\u2019aider \u00e0 \u00e9conomiser d\u2019\u00e9nergie et \u00e0 sauver l\u2019environnement. L\u2019\u00e9quipe de la G\u00e9n\u00e9ration E regardera ton engagement avant de le publier en ligne!<\/p>\n<\/div><div ><a class=\"fusion-button button-flat fusion-button-default-size button-custom fusion-button-default button-1 fusion-button-default-span fusion-button-default-type\" style=\"--button_accent_color:var(--awb-color1);--button_accent_hover_color:var(--awb-color1);--button_border_hover_color:var(--awb-color1);--button_gradient_top_color:var(--awb-custom_color_2);--button_gradient_bottom_color:var(--awb-custom_color_2);--button_gradient_top_color_hover:var(--awb-custom_color_3);--button_gradient_bottom_color_hover:var(--awb-custom_color_3);\" target=\"_self\" href=\"\/fr\/mon-engagement-envers-la-planete\/\"><span class=\"fusion-button-text awb-button__text awb-button__text--default\">Retour vers les engagements<\/span><\/a><\/div><\/div><\/div><\/div><\/div>\n","protected":false},"excerpt":{"rendered":"","protected":false},"author":1,"featured_media":0,"parent":1464,"menu_order":0,"comment_status":"closed","ping_status":"closed","template":"","meta":{"footnotes":""},"class_list":["post-1469","page","type-page","status-publish","hentry"],"yoast_head":"<!-- This site is optimized with the Yoast SEO plugin v27.3 - https:\/\/yoast.com\/product\/yoast-seo-wordpress\/ -->\n<title>Merci d\u2019avoir pris un engagement - Generation E<\/title>\n<meta name=\"robots\" content=\"index, follow, max-snippet:-1, max-image-preview:large, max-video-preview:-1\" \/>\n<link rel=\"canonical\" href=\"https:\/\/generation-e.ca\/fr\/mon-engagement-envers-la-planete\/merci\/\" \/>\n<meta property=\"og:locale\" content=\"fr_FR\" \/>\n<meta property=\"og:type\" content=\"article\" \/>\n<meta property=\"og:title\" content=\"Merci d\u2019avoir pris un engagement - Generation E\" \/>\n<meta property=\"og:url\" content=\"https:\/\/generation-e.ca\/fr\/mon-engagement-envers-la-planete\/merci\/\" \/>\n<meta property=\"og:site_name\" content=\"Generation E\" \/>\n<meta property=\"article:modified_time\" content=\"2023-11-02T19:46:29+00:00\" \/>\n<meta name=\"twitter:card\" content=\"summary_large_image\" \/>\n<meta name=\"twitter:label1\" content=\"Dur\u00e9e de lecture estim\u00e9e\" \/>\n\t<meta name=\"twitter:data1\" content=\"2 minutes\" \/>\n<script type=\"application\/ld+json\" class=\"yoast-schema-graph\">{\"@context\":\"https:\\\/\\\/schema.org\",\"@graph\":[{\"@type\":\"WebPage\",\"@id\":\"https:\\\/\\\/generation-e.ca\\\/fr\\\/mon-engagement-envers-la-planete\\\/merci\\\/\",\"url\":\"https:\\\/\\\/generation-e.ca\\\/fr\\\/mon-engagement-envers-la-planete\\\/merci\\\/\",\"name\":\"Merci d\u2019avoir pris un engagement - Generation E\",\"isPartOf\":{\"@id\":\"https:\\\/\\\/generation-e.ca\\\/fr\\\/#website\"},\"datePublished\":\"2023-06-16T15:54:07+00:00\",\"dateModified\":\"2023-11-02T19:46:29+00:00\",\"breadcrumb\":{\"@id\":\"https:\\\/\\\/generation-e.ca\\\/fr\\\/mon-engagement-envers-la-planete\\\/merci\\\/#breadcrumb\"},\"inLanguage\":\"fr-FR\",\"potentialAction\":[{\"@type\":\"ReadAction\",\"target\":[\"https:\\\/\\\/generation-e.ca\\\/fr\\\/mon-engagement-envers-la-planete\\\/merci\\\/\"]}]},{\"@type\":\"BreadcrumbList\",\"@id\":\"https:\\\/\\\/generation-e.ca\\\/fr\\\/mon-engagement-envers-la-planete\\\/merci\\\/#breadcrumb\",\"itemListElement\":[{\"@type\":\"ListItem\",\"position\":1,\"name\":\"Mon engagement envers la plan\u00e8te\",\"item\":\"https:\\\/\\\/generation-e.ca\\\/fr\\\/mon-engagement-envers-la-planete\\\/\"},{\"@type\":\"ListItem\",\"position\":2,\"name\":\"Merci d\u2019avoir pris un engagement\"}]},{\"@type\":\"WebSite\",\"@id\":\"https:\\\/\\\/generation-e.ca\\\/fr\\\/#website\",\"url\":\"https:\\\/\\\/generation-e.ca\\\/fr\\\/\",\"name\":\"Generation E\",\"description\":\"Efficiency Manitoba\",\"potentialAction\":[{\"@type\":\"SearchAction\",\"target\":{\"@type\":\"EntryPoint\",\"urlTemplate\":\"https:\\\/\\\/generation-e.ca\\\/fr\\\/?s={search_term_string}\"},\"query-input\":{\"@type\":\"PropertyValueSpecification\",\"valueRequired\":true,\"valueName\":\"search_term_string\"}}],\"inLanguage\":\"fr-FR\"}]}<\/script>\n<!-- \/ Yoast SEO plugin. -->","yoast_head_json":{"title":"Merci d\u2019avoir pris un engagement - Generation E","robots":{"index":"index","follow":"follow","max-snippet":"max-snippet:-1","max-image-preview":"max-image-preview:large","max-video-preview":"max-video-preview:-1"},"canonical":"https:\/\/generation-e.ca\/fr\/mon-engagement-envers-la-planete\/merci\/","og_locale":"fr_FR","og_type":"article","og_title":"Merci d\u2019avoir pris un engagement - Generation E","og_url":"https:\/\/generation-e.ca\/fr\/mon-engagement-envers-la-planete\/merci\/","og_site_name":"Generation E","article_modified_time":"2023-11-02T19:46:29+00:00","twitter_card":"summary_large_image","twitter_misc":{"Dur\u00e9e de lecture estim\u00e9e":"2 minutes"},"schema":{"@context":"https:\/\/schema.org","@graph":[{"@type":"WebPage","@id":"https:\/\/generation-e.ca\/fr\/mon-engagement-envers-la-planete\/merci\/","url":"https:\/\/generation-e.ca\/fr\/mon-engagement-envers-la-planete\/merci\/","name":"Merci d\u2019avoir pris un engagement - Generation E","isPartOf":{"@id":"https:\/\/generation-e.ca\/fr\/#website"},"datePublished":"2023-06-16T15:54:07+00:00","dateModified":"2023-11-02T19:46:29+00:00","breadcrumb":{"@id":"https:\/\/generation-e.ca\/fr\/mon-engagement-envers-la-planete\/merci\/#breadcrumb"},"inLanguage":"fr-FR","potentialAction":[{"@type":"ReadAction","target":["https:\/\/generation-e.ca\/fr\/mon-engagement-envers-la-planete\/merci\/"]}]},{"@type":"BreadcrumbList","@id":"https:\/\/generation-e.ca\/fr\/mon-engagement-envers-la-planete\/merci\/#breadcrumb","itemListElement":[{"@type":"ListItem","position":1,"name":"Mon engagement envers la plan\u00e8te","item":"https:\/\/generation-e.ca\/fr\/mon-engagement-envers-la-planete\/"},{"@type":"ListItem","position":2,"name":"Merci d\u2019avoir pris un engagement"}]},{"@type":"WebSite","@id":"https:\/\/generation-e.ca\/fr\/#website","url":"https:\/\/generation-e.ca\/fr\/","name":"Generation E","description":"Efficiency Manitoba","potentialAction":[{"@type":"SearchAction","target":{"@type":"EntryPoint","urlTemplate":"https:\/\/generation-e.ca\/fr\/?s={search_term_string}"},"query-input":{"@type":"PropertyValueSpecification","valueRequired":true,"valueName":"search_term_string"}}],"inLanguage":"fr-FR"}]}},"_links":{"self":[{"href":"https:\/\/generation-e.ca\/fr\/wp-json\/wp\/v2\/pages\/1469","targetHints":{"allow":["GET"]}}],"collection":[{"href":"https:\/\/generation-e.ca\/fr\/wp-json\/wp\/v2\/pages"}],"about":[{"href":"https:\/\/generation-e.ca\/fr\/wp-json\/wp\/v2\/types\/page"}],"author":[{"embeddable":true,"href":"https:\/\/generation-e.ca\/fr\/wp-json\/wp\/v2\/users\/1"}],"replies":[{"embeddable":true,"href":"https:\/\/generation-e.ca\/fr\/wp-json\/wp\/v2\/comments?post=1469"}],"version-history":[{"count":5,"href":"https:\/\/generation-e.ca\/fr\/wp-json\/wp\/v2\/pages\/1469\/revisions"}],"predecessor-version":[{"id":1592,"href":"https:\/\/generation-e.ca\/fr\/wp-json\/wp\/v2\/pages\/1469\/revisions\/1592"}],"up":[{"embeddable":true,"href":"https:\/\/generation-e.ca\/fr\/wp-json\/wp\/v2\/pages\/1464"}],"wp:attachment":[{"href":"https:\/\/generation-e.ca\/fr\/wp-json\/wp\/v2\/media?parent=1469"}],"curies":[{"name":"wp","href":"https:\/\/api.w.org\/{rel}","templated":true}]}}