{"id":1464,"date":"2023-06-16T10:54:42","date_gmt":"2023-06-16T15:54:42","guid":{"rendered":"https:\/\/generation-e.ca\/?page_id=1464"},"modified":"2023-11-02T14:41:08","modified_gmt":"2023-11-02T19:41:08","slug":"mon-engagement-envers-la-planete","status":"publish","type":"page","link":"https:\/\/generation-e.ca\/fr\/mon-engagement-envers-la-planete\/","title":{"rendered":"Mon engagement envers la plan\u00e8te"},"content":{"rendered":"<p><div class=\"fusion-fullwidth fullwidth-box fusion-builder-row-1 fusion-flex-container has-pattern-background has-mask-background nonhundred-percent-fullwidth non-hundred-percent-height-scrolling\" style=\"--awb-border-radius-top-left:0px;--awb-border-radius-top-right:0px;--awb-border-radius-bottom-right:0px;--awb-border-radius-bottom-left:0px;--awb-flex-wrap:wrap;\" ><div class=\"fusion-builder-row fusion-row fusion-flex-align-items-flex-start fusion-flex-content-wrap\" style=\"max-width:1248px;margin-left: calc(-4% \/ 2 );margin-right: calc(-4% \/ 2 );\"><div class=\"fusion-layout-column fusion_builder_column fusion-builder-column-0 fusion_builder_column_1_1 1_1 fusion-flex-column\" style=\"--awb-bg-size:cover;--awb-width-large:100%;--awb-margin-top-large:0px;--awb-spacing-right-large:1.92%;--awb-margin-bottom-large:20px;--awb-spacing-left-large:1.92%;--awb-width-medium:100%;--awb-order-medium:0;--awb-spacing-right-medium:1.92%;--awb-spacing-left-medium:1.92%;--awb-width-small:100%;--awb-order-small:0;--awb-spacing-right-small:1.92%;--awb-spacing-left-small:1.92%;\"><div class=\"fusion-column-wrapper fusion-column-has-shadow fusion-flex-justify-content-flex-start fusion-content-layout-column\"><div class=\"fusion-text fusion-text-1\"><p>Nous avons tous la responsabilit\u00e9 de prendre soin de notre plan\u00e8te. On peut commencer par \u00e9viter de gaspiller de pr\u00e9cieuses ressources, comme l\u2019\u00e9nergie. Prendre un \u00ab\u2009engagement envers la plan\u00e8te\u2009\u00bb signifie d\u2019avoir la volont\u00e9 d\u2019apporter un changement dans son quotidien en vue d\u2019\u00e9conomiser de l\u2019\u00e9nergie. Ce n\u2019est pas n\u00e9cessairement difficile! Il y a beaucoup de gestes simples pour \u00e9conomiser l\u2019\u00e9nergie au quotidien, comme \u00e9teindre la lumi\u00e8re en quittant une pi\u00e8ce ou mettre hors tension les appareils \u00e9lectroniques qui ne sont pas utilis\u00e9s.<\/p>\n<p>C\u2019est \u00e9tonnant de voir \u00e0 quel point quelques petits changements peuvent avoir un \u00e9norme impact \u2014 pour toi, pour la Terre et pour tout le monde qui la partage. Engage-toi envers la plan\u00e8te d\u00e8s aujourd\u2019hui. Jette un coup d\u2019\u0153il aux engagements pris par d\u2019autres jeunes du Manitoba pour \u00e9conomiser l\u2019\u00e9nergie.<\/p>\n<\/div><\/div><\/div><\/div><\/div><div class=\"fusion-fullwidth fullwidth-box fusion-builder-row-2 fusion-flex-container has-pattern-background has-mask-background nonhundred-percent-fullwidth non-hundred-percent-height-scrolling\" style=\"--awb-border-radius-top-left:0px;--awb-border-radius-top-right:0px;--awb-border-radius-bottom-right:0px;--awb-border-radius-bottom-left:0px;--awb-flex-wrap:wrap;\" ><div class=\"fusion-builder-row fusion-row fusion-flex-align-items-flex-start fusion-flex-content-wrap\" style=\"max-width:1248px;margin-left: calc(-4% \/ 2 );margin-right: calc(-4% \/ 2 );\"><div class=\"fusion-layout-column fusion_builder_column fusion-builder-column-1 fusion_builder_column_1_1 1_1 fusion-flex-column\" style=\"--awb-bg-size:cover;--awb-width-large:100%;--awb-margin-top-large:0px;--awb-spacing-right-large:1.92%;--awb-margin-bottom-large:20px;--awb-spacing-left-large:1.92%;--awb-width-medium:100%;--awb-order-medium:0;--awb-spacing-right-medium:1.92%;--awb-spacing-left-medium:1.92%;--awb-width-small:100%;--awb-order-small:0;--awb-spacing-right-small:1.92%;--awb-spacing-left-small:1.92%;\"><div class=\"fusion-column-wrapper fusion-column-has-shadow fusion-flex-justify-content-flex-start fusion-content-layout-column\"><!-- The Grid Plugin Version 2.8.1 --><!-- The Grid Wrapper Start --><div class=\"tg-grid-wrapper pledge-grid  tg-txt full-height\" id=\"grid-1461\" data-version=\"2.8.1\"><!-- The Grid Styles --><style class=\"tg-grid-styles\" type=\"text\/css\">#grid-1461 .tg-nav-color:not(.dots):not(.tg-dropdown-value):not(.tg-dropdown-title):hover,#grid-1461 .tg-nav-color:hover .tg-nav-color,#grid-1461 .tg-page-number.tg-page-current,#grid-1461 .tg-filter.tg-filter-active span{color:#ff6863}#grid-1461 .tg-filter:before,#grid-1461 .tg-filter.tg-filter-active:before{color:#999999}#grid-1461 .tg-dropdown-holder,#grid-1461 .tg-search-inner,#grid-1461 .tg-sorter-order{border:1px solid #DDDDDD}#grid-1461 .tg-search-clear,#grid-1461 .tg-search-clear:hover{border:none;border-left:1px solid #DDDDDD}.tg-txt .tg-nav-font,.tg-txt input[type=text].tg-search{font-size:14px;font-weight:600}.tg-txt .tg-search::-webkit-input-placeholder{font-size:14px}.tg-txt .tg-search::-moz-placeholder{font-size:14px}.tg-txt .tg-search:-ms-input-placeholder{font-size:14px}.tg-txt .tg-icon-left-arrow:before{content:\"\\e604\";font-size:32px;font-weight:100}.tg-txt .tg-icon-right-arrow:before{content:\"\\e602\";font-size:32px;font-weight:100}.tg-txt .tg-icon-dropdown-open:before,.tg-txt .tg-icon-sorter-down:before{content:\"\\e60a\"}.tg-txt .tg-icon-sorter-up:before{content:\"\\e609\"}.tg-txt .tg-search-clear:before{content:\"\\e611\";font-weight:300}.tg-txt .tg-search-icon:before{content:\"\\e62e\";font-size:16px;font-weight:600}#grid-1461 .tg-nav-color,#grid-1461 .tg-search-icon:hover:before,#grid-1461 .tg-search-icon:hover input,#grid-1461 .tg-disabled:hover .tg-icon-left-arrow,#grid-1461 .tg-disabled:hover .tg-icon-right-arrow,#grid-1461 .tg-dropdown-title.tg-nav-color:hover{color:#999999}#grid-1461 input.tg-search:hover{color:#999999 !important}#grid-1461 input.tg-search::-webkit-input-placeholder{color:#999999}#grid-1461 input.tg-search::-moz-placeholder{color:#999999;opacity:1}#grid-1461 input.tg-search:-ms-input-placeholder{color:#999999}.grid-1461 .tg-dropdown-item{color:#777777;background:#ffffff}.grid-1461 .tg-filter-active,.grid-1461 .tg-dropdown-item:hover{color:#444444;background:#f5f6fa}#grid-1461 .tg-slider-bullets li.tg-active-item span{background:#59585b}#grid-1461 .tg-slider-bullets li span{background:#DDDDDD}.pledge-grid .tg-item-content-holder{background-color:transparent !important;height:100%}.pledge-grid .tg-filters-holder .tg-dropdown-holder.tg-nav-border.tg-nav-font{border-radius:500px;background-color:white;color:var(--body_typography-color);border:none !important;padding:6px 25px}.pledge-grid .tg-filters-holder .tg-dropdown-title.tg-nav-color.tg-nav-font{color:var(--body_typography-color) !important}.pledge-grid .tg-filters-holder .tg-icon-dropdown-open.tg-nav-color.tg-nav-font{color:var(--body_typography-color)}.pledge-grid .tg-filters-holder .tg-icon-dropdown-open.tg-nav-color.tg-nav-font:hover{color:var(--body_typography-color)}.pledge-grid .tg-grid-area-top1{margin-bottom:30px}.pledge-grid .tg-filters-holder .tg-dropdown-holder.tg-nav-border.tg-nav-font.new-pledge-button{background-color:#002e3d}.pledge-grid .tg-filters-holder .tg-dropdown-holder.tg-nav-border.tg-nav-font.new-pledge-button:hover{background-color:#81C241}.pledge-grid .tg-filters-holder .tg-dropdown-holder.tg-nav-border.tg-nav-font.new-pledge-button .tg-dropdown-title.tg-nav-color.tg-nav-font,.pledge-grid .tg-filters-holder .tg-dropdown-holder.tg-nav-border.tg-nav-font.new-pledge-button .tg-dropdown-title.tg-nav-color.tg-nav-font:hover{color:white !important}.pledge-grid .tg-filters-holder .tg-dropdown-holder .tg-nav-font{font-size:18px}.pledge-grid .tg-sorters-holder{display:none}.pledge-grid .date-sort-button .tg-nav-color:not(.dots):not(.tg-dropdown-value):not(.tg-dropdown-title):hover{color:#999999}.pledge-grid .date-sort-button i.tg-icon-sorter-down{transform:rotate(0);transition:transform 0.2s ease-in-out;display:inline-block}.pledge-grid .date-sort-button i.tg-icon-sorter-down.invert{transform:rotate(180deg)}.pledge-to-planet-card{color:white;border-radius:30px;height:100%}article.tg-item.pledge-to-planet:nth-child(3n + 1) .pledge-to-planet-card{background-color:#002e3d}article.tg-item.pledge-to-planet:nth-child(3n + 2) .pledge-to-planet-card{background-color:#2493d1}article.tg-item.pledge-to-planet:nth-child(3n) .pledge-to-planet-card{background-color:#81C241}@media screen and (max-width:980px){article.tg-item.pledge-to-planet{height:unset !important}article.tg-item.pledge-to-planet .pledge-to-planet-card .pledge-link.vertical{padding:30px}}article.tg-item.pledge-to-planet .pledge-to-planet-card .pledge-content{word-break:break-word}@media screen and (max-width:1270px) and (min-width:980px){article.tg-item.pledge-to-planet .pledge-to-planet-card .pledge-content{font-size:min(20px,2.11vw)}}@media screen and (max-width:980px){article.tg-item.pledge-to-planet .pledge-to-planet-card .pledge-content{font-size:20px}}@media screen and (max-width:480px){article.tg-item.pledge-to-planet .pledge-to-planet-card .pledge-content{font-size:17px}article.tg-item.pledge-to-planet .pledge-to-planet-card .pledge-name{font-size:16px}article.tg-item.pledge-to-planet .pledge-to-planet-card .pledge-date{font-size:12px}}@media screen and (max-width:485px){.pledge-grid .tg-grid-area-top1 .tg-filters-holder:last-child{margin-left:0}}.pledge-to-planet-card.expandable .pledge-link{cursor:pointer;position:relative}.pledge-to-planet-card .pledge-link{padding:30px;border-radius:30px;height:100%;display:flex;flex-direction:column}.pledge-to-planet-card .pledge-link.vertical{padding:30px 20px}.pledge-to-planet-card .pledge-name{width:calc(100% - 50px);font-weight:bold;font-size:18px;margin-bottom:5px;flex:0 0 auto}.pledge-to-planet-card .pledge-date{font-size:14px;color:#ffffffaa !important;margin-bottom:25px;flex:0 0 auto}.pledge-to-planet-card .pledge-content{font-family:\"Agrandir Grand Heavy\";text-transform:uppercase;font-size:28px;line-height:1.5;flex:1 0 auto}.pledge-to-planet-card .pledge-full-content{display:none}.pledge-to-planet-card .pledge-print-button{display:block;position:absolute;top:30px;right:30px;font-size:20px;padding:0 10px;cursor:pointer;color:white}article.tg-item.pledge-to-planet[data-row=\"2\"][data-col=\"2\"] .pledge-to-planet-card .pledge-content,article.tg-item.pledge-to-planet[data-row=\"3\"] .pledge-to-planet-card .pledge-content{display:flex;justify-content:center;align-items:center}.pledge-grid span.tg-search-icon{padding:6px 0;width:40px}.pledge-grid input.tg-search{padding:6px 15px 5px 0 !important;font-size:18px !important}.pledge-grid span.tg-search-clear{padding:6px 0;width:40px}.pledge-grid .tg-search-icon:before,.pledge-grid .tg-search-icon:hover:before,.pledge-grid .tg-search-icon:hover input,.pledge-grid .tg-dropdown-title.tg-nav-color:hover,.pledge-grid input.tg-search,.pledge-grid input.tg-search:hover{color:#000 !important}.pledge-grid .pledge-school{display:none}.tg-item .tg-dark div,.tg-item .tg-dark h1,.tg-item .tg-dark h1 a,.tg-item .tg-dark h2,.tg-item .tg-dark h2 a,.tg-item .tg-dark h3,.tg-item .tg-dark h3 a,.tg-item .tg-dark h4,.tg-item .tg-dark h4 a,.tg-item .tg-dark h5,.tg-item .tg-dark h5 a,.tg-item .tg-dark h6,.tg-item .tg-dark h6 a,.tg-item .tg-dark a,.tg-item .tg-dark a.tg-link-url,.tg-item .tg-dark i,.tg-item .tg-dark .tg-media-button,.tg-item .tg-dark .tg-item-price span{color:#444444;fill:#444444;stroke:#444444;border-color:#444444}.tg-item .tg-dark p,.tg-item .tg-dark ol,.tg-item .tg-dark ul,.tg-item .tg-dark li{color:#777777;fill:#777777;stroke:#777777;border-color:#777777}.tg-item .tg-dark span,.tg-item .tg-dark .no-liked .to-heart-icon path,.tg-item .tg-dark .empty-heart .to-heart-icon path,.tg-item .tg-dark .tg-item-comment i,.tg-item .tg-dark .tg-item-price del span{color:#999999;fill:#999999;stroke:#999999;border-color:#999999}.tg-item .tg-light div,.tg-item .tg-light h1,.tg-item .tg-light h1 a,.tg-item .tg-light h2,.tg-item .tg-light h2 a,.tg-item .tg-light h3,.tg-item .tg-light h3 a,.tg-item .tg-light h4,.tg-item .tg-light h4 a,.tg-item .tg-light h5,.tg-item .tg-light h5 a,.tg-item .tg-light h6,.tg-item .tg-light h6 a,.tg-item .tg-light a,.tg-item .tg-light a.tg-link-url,.tg-item .tg-light i,.tg-item .tg-light .tg-media-button,.tg-item .tg-light .tg-item-price span{color:#ffffff;fill:#ffffff;stroke:#ffffff;border-color:#ffffff}.tg-item .tg-light p,.tg-item .tg-light ol,.tg-item .tg-light ul,.tg-item .tg-light li{color:#f5f5f5;fill:#f5f5f5;stroke:#f5f5f5;border-color:#f5f5f5}.tg-item .tg-light span,.tg-item .tg-light .no-liked .to-heart-icon path,.tg-item .tg-light .empty-heart .to-heart-icon path,.tg-item .tg-light .tg-item-comment i,.tg-item .tg-light .tg-item-price del span{color:#f6f6f6;fill:#f6f6f6;stroke:#f6f6f6;border-color:#f6f6f6}#grid-1461 .tg-item-content-holder{background-color:#ffffff}#grid-1461 .tg-item-overlay{background-color:rgba(20,20,20,0.65)}<\/style><!-- The Grid Item Sizer --><div class=\"tg-grid-sizer\"><\/div><!-- The Grid Gutter Sizer --><div class=\"tg-gutter-sizer\"><\/div><!-- The Grid Area Top 1 --><div class=\"tg-grid-area-top1\"><!-- The Grid Search holder --><div class=\"tg-search-holder\"><div class=\"tg-search-inner tg-nav-border\"><span class=\"tg-search-icon tg-nav-color tg-nav-font\"><\/span><input type=\"text\" class=\"tg-search tg-nav-color tg-nav-font\" autocomplete=\"off\" placeholder=\"Recherche...\" \/><span class=\"tg-search-clear tg-nav-color tg-nav-border tg-nav-font\"><\/span><\/div><\/div><div class=\"tg-filters-holder\"><div class=\"tg-dropdown-holder tg-nav-border tg-nav-font\"><span class=\"tg-dropdown-title tg-nav-color tg-nav-font\">Langues<\/span><i class=\"tg-icon-dropdown-open tg-nav-color tg-nav-font\"><\/i><ul class=\"tg-dropdown-list grid-1461\"><li class=\"tg-dropdown-item tg-filter tg-filter-active\" data-filter=\"*\"><span class=\"tg-filter-name\">Tout<\/span><\/li><li class=\"tg-dropdown-item tg-filter\" data-taxo=\"pledge_language\" data-filter=\".f42\"><span class=\"tg-filter-name\">Fran\u00e7ais<\/span><\/li><li class=\"tg-dropdown-item tg-filter\" data-taxo=\"pledge_language\" data-filter=\".f43\"><span class=\"tg-filter-name\">Anglais<\/span><\/li><\/ul><\/div><\/div><!-- The Grid sorters holder --><div class=\"tg-sorters-holder\"><div class=\"tg-dropdown-holder tg-nav-border tg-nav-font\"><span class=\"tg-dropdown-title tg-nav-color tg-nav-font\">Sort By<\/span>&nbsp;<span class=\"tg-dropdown-value tg-nav-color tg-nav-font\">Date<\/span><ul class=\"tg-dropdown-list tg-sorter grid-1461\"><li class=\"tg-dropdown-item\"  data-value=\"date\">Date<\/li><\/ul><\/div><div class=\"tg-sorter-order tg-nav-color tg-nav-border\" data-asc=\"false\"><i class=\"tg-icon-sorter-down tg-nav-color tg-nav-font\"><\/i><i class=\"tg-icon-sorter-up tg-nav-color tg-nav-font\"><\/i><\/div><\/div><\/div><!-- The Grid Items Holder --><div class=\"tg-grid-holder tg-layout-grid\"  data-name=\"Mon engagement envers la plan\u00e8te\"  data-style=\"grid\" data-row=\"1\" data-layout=\"vertical\" data-rtl=\"\" data-fitrows=\"\" data-filtercomb=\"\" data-filterlogic=\"AND\" data-filterload =\"\" data-sortbyload =\"date\" data-orderload =\"false\" data-fullwidth=\"\" data-fullheight=\"null\" data-gutters=\"[[320,10],[480,10],[768,10],[980,10],[1200,10],[9999,10]]\" data-slider='{\"itemNav\":\"null\",\"swingSpeed\":0.1,\"cycleBy\":\"null\",\"cycle\":5000,\"startAt\":1}' data-ratio=\"1.14\" data-cols=\"[[320,1],[480,1],[768,1],[980,2],[1200,4],[9999,4]]\" data-rows=\"[[320,200],[480,200],[768,220],[980,220],[1200,240],[9999,240]]\" data-animation='{&quot;name&quot;:&quot;Fade in&quot;,&quot;visible&quot;:&quot;&quot;,&quot;hidden&quot;:&quot;&quot;}' data-transition=\"700ms\" data-ajaxmethod=\"\" data-ajaxdelay=\"100\" data-preloader=\"\" data-itemdelay=\"100\" data-gallery=\"\" data-ajax=\"\"><!-- The Grid item #1 --><article class=\"tg-item tg-post-2041 pledge-to-planet f40\" data-date=\"1753634367\" data-row=\"1\" data-col=\"2\"><div class=\"tg-item-inner\"><div class=\"tg-item-content-holder tg-light standard-format\"><div class=\"pledge-to-planet-card\"><a class=\"pledge-link\"><div class=\"pledge-name\">Bort<\/div><div class=\"pledge-date\">27 juillet 2025<\/div><div class=\"pledge-content\">I pledge to pick up litter.<\/div><a class=\"pledge-print-button\" href=\"https:\/\/generation-e.ca\/fr\/pdf\/63c9cdd9ac596\/673\/\" aria-label=\"T\u00e9l\u00e9charger le fichier PDF\" title=\"T\u00e9l\u00e9charger le fichier PDF\"><i class=\"fas fa-print\" aria-hidden=\"true\"><\/i><\/a><\/a><\/div><\/div><\/div><\/article><!-- The Grid item #2 --><article class=\"tg-item tg-post-1597 pledge-to-planet f41\" data-date=\"1699021702\" data-row=\"2\" data-col=\"1\"><div class=\"tg-item-inner\"><div class=\"tg-item-content-holder tg-light standard-format\"><div class=\"pledge-to-planet-card\"><a class=\"pledge-link vertical\"><div class=\"pledge-name\">Phil<\/div><div class=\"pledge-date\">3 novembre 2023<\/div><div class=\"pledge-content\">Je m'engage \u00e0 utiliser mon v\u00e9lo pour travailler tous les jours<\/div><a class=\"pledge-print-button\" href=\"https:\/\/generation-e.ca\/fr\/pdf\/63c9cdd9ac596\/282\/\" aria-label=\"T\u00e9l\u00e9charger le fichier PDF\" title=\"T\u00e9l\u00e9charger le fichier PDF\"><i class=\"fas fa-print\" aria-hidden=\"true\"><\/i><\/a><\/a><\/div><\/div><\/div><\/article><!-- The Grid item #3 --><article class=\"tg-item tg-post-1482 pledge-to-planet f40\" data-date=\"1686930983\" data-row=\"1\" data-col=\"2\"><div class=\"tg-item-inner\"><div class=\"tg-item-content-holder tg-light standard-format\"><div class=\"pledge-to-planet-card\"><a class=\"pledge-link\"><div class=\"pledge-name\">Brent<\/div><div class=\"pledge-date\">16 juin 2023<\/div><div class=\"pledge-content\">I pledge to ride my bicycle to work everyday.<\/div><a class=\"pledge-print-button\" href=\"https:\/\/generation-e.ca\/fr\/pdf\/63c9cdd9ac596\/222\/\" aria-label=\"T\u00e9l\u00e9charger le fichier PDF\" title=\"T\u00e9l\u00e9charger le fichier PDF\"><i class=\"fas fa-print\" aria-hidden=\"true\"><\/i><\/a><\/a><\/div><\/div><\/div><\/article><\/div><\/div><!-- The Grid Wrapper End --><\/div><\/div><\/div><\/div><\/p>\n","protected":false},"excerpt":{"rendered":"","protected":false},"author":1,"featured_media":0,"parent":0,"menu_order":0,"comment_status":"closed","ping_status":"closed","template":"","meta":{"footnotes":""},"class_list":["post-1464","page","type-page","status-publish","hentry"],"yoast_head":"<!-- This site is optimized with the Yoast SEO plugin v27.3 - https:\/\/yoast.com\/product\/yoast-seo-wordpress\/ -->\n<title>Mon engagement envers la plan\u00e8te - Generation E<\/title>\n<meta name=\"robots\" content=\"index, follow, max-snippet:-1, max-image-preview:large, max-video-preview:-1\" \/>\n<link rel=\"canonical\" href=\"https:\/\/generation-e.ca\/fr\/mon-engagement-envers-la-planete\/\" \/>\n<meta property=\"og:locale\" content=\"fr_FR\" \/>\n<meta property=\"og:type\" content=\"article\" \/>\n<meta property=\"og:title\" content=\"Mon engagement envers la plan\u00e8te - Generation E\" \/>\n<meta property=\"og:url\" content=\"https:\/\/generation-e.ca\/fr\/mon-engagement-envers-la-planete\/\" \/>\n<meta property=\"og:site_name\" content=\"Generation E\" \/>\n<meta property=\"article:modified_time\" content=\"2023-11-02T19:41:08+00:00\" \/>\n<meta name=\"twitter:card\" content=\"summary_large_image\" \/>\n<meta name=\"twitter:label1\" content=\"Dur\u00e9e de lecture estim\u00e9e\" \/>\n\t<meta name=\"twitter:data1\" content=\"2 minutes\" \/>\n<script type=\"application\/ld+json\" class=\"yoast-schema-graph\">{\"@context\":\"https:\\\/\\\/schema.org\",\"@graph\":[{\"@type\":\"WebPage\",\"@id\":\"https:\\\/\\\/generation-e.ca\\\/fr\\\/mon-engagement-envers-la-planete\\\/\",\"url\":\"https:\\\/\\\/generation-e.ca\\\/fr\\\/mon-engagement-envers-la-planete\\\/\",\"name\":\"Mon engagement envers la plan\u00e8te - Generation E\",\"isPartOf\":{\"@id\":\"https:\\\/\\\/generation-e.ca\\\/fr\\\/#website\"},\"datePublished\":\"2023-06-16T15:54:42+00:00\",\"dateModified\":\"2023-11-02T19:41:08+00:00\",\"inLanguage\":\"fr-FR\",\"potentialAction\":[{\"@type\":\"ReadAction\",\"target\":[\"https:\\\/\\\/generation-e.ca\\\/fr\\\/mon-engagement-envers-la-planete\\\/\"]}]},{\"@type\":\"WebSite\",\"@id\":\"https:\\\/\\\/generation-e.ca\\\/fr\\\/#website\",\"url\":\"https:\\\/\\\/generation-e.ca\\\/fr\\\/\",\"name\":\"Generation E\",\"description\":\"Efficiency Manitoba\",\"potentialAction\":[{\"@type\":\"SearchAction\",\"target\":{\"@type\":\"EntryPoint\",\"urlTemplate\":\"https:\\\/\\\/generation-e.ca\\\/fr\\\/?s={search_term_string}\"},\"query-input\":{\"@type\":\"PropertyValueSpecification\",\"valueRequired\":true,\"valueName\":\"search_term_string\"}}],\"inLanguage\":\"fr-FR\"}]}<\/script>\n<!-- \/ Yoast SEO plugin. -->","yoast_head_json":{"title":"Mon engagement envers la plan\u00e8te - Generation E","robots":{"index":"index","follow":"follow","max-snippet":"max-snippet:-1","max-image-preview":"max-image-preview:large","max-video-preview":"max-video-preview:-1"},"canonical":"https:\/\/generation-e.ca\/fr\/mon-engagement-envers-la-planete\/","og_locale":"fr_FR","og_type":"article","og_title":"Mon engagement envers la plan\u00e8te - Generation E","og_url":"https:\/\/generation-e.ca\/fr\/mon-engagement-envers-la-planete\/","og_site_name":"Generation E","article_modified_time":"2023-11-02T19:41:08+00:00","twitter_card":"summary_large_image","twitter_misc":{"Dur\u00e9e de lecture estim\u00e9e":"2 minutes"},"schema":{"@context":"https:\/\/schema.org","@graph":[{"@type":"WebPage","@id":"https:\/\/generation-e.ca\/fr\/mon-engagement-envers-la-planete\/","url":"https:\/\/generation-e.ca\/fr\/mon-engagement-envers-la-planete\/","name":"Mon engagement envers la plan\u00e8te - Generation E","isPartOf":{"@id":"https:\/\/generation-e.ca\/fr\/#website"},"datePublished":"2023-06-16T15:54:42+00:00","dateModified":"2023-11-02T19:41:08+00:00","inLanguage":"fr-FR","potentialAction":[{"@type":"ReadAction","target":["https:\/\/generation-e.ca\/fr\/mon-engagement-envers-la-planete\/"]}]},{"@type":"WebSite","@id":"https:\/\/generation-e.ca\/fr\/#website","url":"https:\/\/generation-e.ca\/fr\/","name":"Generation E","description":"Efficiency Manitoba","potentialAction":[{"@type":"SearchAction","target":{"@type":"EntryPoint","urlTemplate":"https:\/\/generation-e.ca\/fr\/?s={search_term_string}"},"query-input":{"@type":"PropertyValueSpecification","valueRequired":true,"valueName":"search_term_string"}}],"inLanguage":"fr-FR"}]}},"_links":{"self":[{"href":"https:\/\/generation-e.ca\/fr\/wp-json\/wp\/v2\/pages\/1464","targetHints":{"allow":["GET"]}}],"collection":[{"href":"https:\/\/generation-e.ca\/fr\/wp-json\/wp\/v2\/pages"}],"about":[{"href":"https:\/\/generation-e.ca\/fr\/wp-json\/wp\/v2\/types\/page"}],"author":[{"embeddable":true,"href":"https:\/\/generation-e.ca\/fr\/wp-json\/wp\/v2\/users\/1"}],"replies":[{"embeddable":true,"href":"https:\/\/generation-e.ca\/fr\/wp-json\/wp\/v2\/comments?post=1464"}],"version-history":[{"count":3,"href":"https:\/\/generation-e.ca\/fr\/wp-json\/wp\/v2\/pages\/1464\/revisions"}],"predecessor-version":[{"id":1590,"href":"https:\/\/generation-e.ca\/fr\/wp-json\/wp\/v2\/pages\/1464\/revisions\/1590"}],"wp:attachment":[{"href":"https:\/\/generation-e.ca\/fr\/wp-json\/wp\/v2\/media?parent=1464"}],"curies":[{"name":"wp","href":"https:\/\/api.w.org\/{rel}","templated":true}]}}